{"id":343,"date":"2025-09-29T22:11:17","date_gmt":"2025-09-29T20:11:17","guid":{"rendered":"https:\/\/tierrechtsethik.de\/freiraum\/?page_id=343"},"modified":"2025-09-29T22:11:17","modified_gmt":"2025-09-29T20:11:17","slug":"kontakt","status":"publish","type":"page","link":"https:\/\/tierrechtsethik.de\/freiraum\/kontakt\/","title":{"rendered":"Kontakt"},"content":{"rendered":"<p>Unser Team wird gr\u00f6\u00dfer, wir sind daher ab jetzt auch in der Lage &gt; mehr Input zu handhaben &gt; Fragen \/ Anregungen oder auch &gt; Vorschl\u00e4ge f\u00fcr Themen und Beitr\u00e4ge durchzusehen und auch eine Antwortmail zu senden. Ignoramusse k\u00f6nnen sich auch an uns wenden \u2639\ufe0f &gt; antispe.ability [at] gmail [dot] com<\/p>\n<p>&#8212;<\/p>\n<p>Our team is growing, so we are now able to handle more input, review questions\/suggestions or proposals for topics and contributions, and send reply emails. Ignoramuses can also contact us \u2639\ufe0f &gt; antispe.ability [at] gmail [dot] com<\/p>\n<p>&nbsp;<\/p>\n","protected":false},"excerpt":{"rendered":"<p>Unser Team wird gr\u00f6\u00dfer, wir sind daher ab jetzt auch in der Lage &gt; mehr Input zu handhaben &gt; Fragen \/ Anregungen oder auch &gt; Vorschl\u00e4ge f\u00fcr Themen und Beitr\u00e4ge durchzusehen und auch eine Antwortmail zu senden. Ignoramusse k\u00f6nnen sich auch an uns wenden \u2639\ufe0f &gt; antispe.ability [at] gmail [dot] com &#8212; Our team is&hellip;<\/p>\n","protected":false},"author":1,"featured_media":0,"parent":0,"menu_order":0,"comment_status":"closed","ping_status":"closed","template":"","meta":{"footnotes":""},"class_list":["post-343","page","type-page","status-publish","hentry"],"_links":{"self":[{"href":"https:\/\/tierrechtsethik.de\/freiraum\/wp-json\/wp\/v2\/pages\/343","targetHints":{"allow":["GET"]}}],"collection":[{"href":"https:\/\/tierrechtsethik.de\/freiraum\/wp-json\/wp\/v2\/pages"}],"about":[{"href":"https:\/\/tierrechtsethik.de\/freiraum\/wp-json\/wp\/v2\/types\/page"}],"author":[{"embeddable":true,"href":"https:\/\/tierrechtsethik.de\/freiraum\/wp-json\/wp\/v2\/users\/1"}],"replies":[{"embeddable":true,"href":"https:\/\/tierrechtsethik.de\/freiraum\/wp-json\/wp\/v2\/comments?post=343"}],"version-history":[{"count":1,"href":"https:\/\/tierrechtsethik.de\/freiraum\/wp-json\/wp\/v2\/pages\/343\/revisions"}],"predecessor-version":[{"id":344,"href":"https:\/\/tierrechtsethik.de\/freiraum\/wp-json\/wp\/v2\/pages\/343\/revisions\/344"}],"wp:attachment":[{"href":"https:\/\/tierrechtsethik.de\/freiraum\/wp-json\/wp\/v2\/media?parent=343"}],"curies":[{"name":"wp","href":"https:\/\/api.w.org\/{rel}","templated":true}]}}