{"id":225,"date":"2024-08-06T01:42:48","date_gmt":"2024-08-05T23:42:48","guid":{"rendered":"https:\/\/tierrechtsethik.de\/freiraum\/?page_id=225"},"modified":"2024-10-10T00:10:58","modified_gmt":"2024-10-09T22:10:58","slug":"tierrechtsarchiv","status":"publish","type":"page","link":"https:\/\/tierrechtsethik.de\/freiraum\/tierrechtsarchiv\/","title":{"rendered":"Radikal-antispeziesistisches Tierrechtsarchiv"},"content":{"rendered":"<p>&nbsp;<\/p>\n<pre>[Tierrechte in Archiven; independent venture &gt; <a href=\"https:\/\/bsky.app\/profile\/tierrechtsarchiv.bsky.social\">auf Bluesky<\/a>]<\/pre>\n<p><a href=\"https:\/\/tierrechtsethik.de\/wp-content\/uploads\/2024\/10\/farangis_g_yegane_spanish_dogs_1c.png\"><img loading=\"lazy\" decoding=\"async\" class=\"alignnone size-full wp-image-1883\" src=\"https:\/\/tierrechtsethik.de\/wp-content\/uploads\/2024\/10\/farangis_g_yegane_spanish_dogs_1c.png\" alt=\"\" width=\"2480\" height=\"1748\" \/><\/a><\/p>\n<p>&nbsp;<\/p>\n<p>Kriterienkataloge m\u00f6gen sich unterscheiden, aber TR-Archivierung sammelt nicht einfach alles ein, was nur &#8222;irgendwie&#8220; was mit Tierrechten zu tun hat oder haben k\u00f6nnte. Wir kuratieren und archivieren unabh\u00e4ngigen <em>Radikal-Antispeziesismus<\/em> und in dem spezifischen Sinne wegweisende Ideen.<\/p>\n<p>Unser Roundabout-Blog morpht langsam zum Teil unser Aktivit\u00e4ten im Bereich &gt; radikal-antispeziesistisches Tierrechtsarchiv:<\/p>\n<p><span style=\"color: #ff0000;\">In neuen Territorien denken. Tierrechte und Subjektsein: von Tiermythologien zu einer antibiologistischen Tiersoziologie &gt; <a style=\"color: #ff0000;\" href=\"https:\/\/simorgh.de\/about\/\">https:\/\/simorgh.de\/about\/<\/a><\/span><\/p>\n<p>Die <em>Erg\u00e4nzungen durch Kommentare<\/em> und die Ideenentwicklung seitens der Gruppe Messel lenken zwar von einer reinen Archivierung unserer gesammelten Quellen ab, aber sie sind auch unerl\u00e4sslich um L\u00fccken zu schlie\u00dfen und weitere, oftmals essentielle Fragen aufzuwerfen. Wir f\u00fchren momentan insofern eine Art der kommentierten Archivsammlung.<\/p>\n<p>Bewusst lassen wir Quellen aus, die sich auf Ans\u00e4tze eingrenzen lassen aus den Bereichen, z.B.<\/p>\n<ul>\n<li>reiner Tierstudien \/ Animal Studies;<\/li>\n<li>Theorien, die milden Speziesismus vertreten und daher keinen neuen Mehrwert f\u00fcr die Entwicklung von Thesen erbringen;<\/li>\n<li>Inhalte aus den kritischen Tierstudien, ohne Abgrenzung zu Biologismen;<\/li>\n<li>Materialien aus den Bereichen totaler Befreiung \/ Total Liberation oder Tierbefreiung, die Verbindungen pflegen zu Gruppen, Institutionen oder Autorinnen*, die juristische Ebenen als tierrechtspolitische Wege ausschlie\u00dfen<\/li>\n<li>&#8230;<\/li>\n<li>und jegliche vergleichbaren Quellen und Materialien, aus dem typischen Mainstream der Gruppen, die sich &#8222;offiziell&#8220; als Tierbewegungen darzustellen pflegen.<\/li>\n<\/ul>\n<p>Im Weiteren beziehen wir nur Quellen und Materialien mit Relevanz f\u00fcr Tierrechte und die Tierrechtsbewegung mit ein, die sich durch Kriterien kennzeichnen, die sich als &gt; nicht tierobjektifizierend in ihrer Natur zuordnen lassen.<\/p>\n<p>&#8212;<\/p>\n<p>&nbsp;<\/p>\n","protected":false},"excerpt":{"rendered":"<p>&nbsp; [Tierrechte in Archiven; independent venture &gt; auf Bluesky] &nbsp; Kriterienkataloge m\u00f6gen sich unterscheiden, aber TR-Archivierung sammelt nicht einfach alles ein, was nur &#8222;irgendwie&#8220; was mit Tierrechten zu tun hat oder haben k\u00f6nnte. Wir kuratieren und archivieren unabh\u00e4ngigen Radikal-Antispeziesismus und in dem spezifischen Sinne wegweisende Ideen. Unser Roundabout-Blog morpht langsam zum Teil unser Aktivit\u00e4ten im&hellip;<\/p>\n","protected":false},"author":1,"featured_media":0,"parent":0,"menu_order":0,"comment_status":"closed","ping_status":"closed","template":"templates\/template-cover.php","meta":{"footnotes":""},"class_list":["post-225","page","type-page","status-publish","hentry"],"_links":{"self":[{"href":"https:\/\/tierrechtsethik.de\/freiraum\/wp-json\/wp\/v2\/pages\/225","targetHints":{"allow":["GET"]}}],"collection":[{"href":"https:\/\/tierrechtsethik.de\/freiraum\/wp-json\/wp\/v2\/pages"}],"about":[{"href":"https:\/\/tierrechtsethik.de\/freiraum\/wp-json\/wp\/v2\/types\/page"}],"author":[{"embeddable":true,"href":"https:\/\/tierrechtsethik.de\/freiraum\/wp-json\/wp\/v2\/users\/1"}],"replies":[{"embeddable":true,"href":"https:\/\/tierrechtsethik.de\/freiraum\/wp-json\/wp\/v2\/comments?post=225"}],"version-history":[{"count":6,"href":"https:\/\/tierrechtsethik.de\/freiraum\/wp-json\/wp\/v2\/pages\/225\/revisions"}],"predecessor-version":[{"id":248,"href":"https:\/\/tierrechtsethik.de\/freiraum\/wp-json\/wp\/v2\/pages\/225\/revisions\/248"}],"wp:attachment":[{"href":"https:\/\/tierrechtsethik.de\/freiraum\/wp-json\/wp\/v2\/media?parent=225"}],"curies":[{"name":"wp","href":"https:\/\/api.w.org\/{rel}","templated":true}]}}