{"id":13,"date":"2024-03-31T16:57:42","date_gmt":"2024-03-31T14:57:42","guid":{"rendered":"https:\/\/tierrechtsethik.de\/freiraum\/?page_id=13"},"modified":"2026-02-21T21:53:26","modified_gmt":"2026-02-21T20:53:26","slug":"home","status":"publish","type":"page","link":"https:\/\/tierrechtsethik.de\/freiraum\/","title":{"rendered":"Home"},"content":{"rendered":"\r\n<div class=\"wp-block-cover alignfull has-background-dim\" style=\"background-color: #e65ccc; min-height: 70vh;aspect-ratio:unset;\">\r\n<div class=\"wp-block-cover__inner-container is-layout-flow wp-block-cover-is-layout-flow\">\r\n<h1 class=\"has-text-align-center has-primary-color has-text-color wp-block-heading\"><span style=\"color: #ffffff;\">Wir schaffen uns hier unsere Freir\u00e4ume<\/span><\/h1>\r\n<span style=\"color: #ffffff;\">\r\n\r\n<\/span>\r\n<p class=\"has-text-align-center has-primary-color has-text-color\"><span style=\"color: #5c095c;\"><em>A Work in Progress<\/em><\/span><\/p>\r\n<\/div>\r\n<\/div>\r\n\r\n\r\n\r\n<div class=\"wp-block-group alignfull has-background-background-color has-background tw-top-shape-organic\">\r\n<div class=\"wp-block-group__inner-container is-layout-flow wp-block-group-is-layout-flow\">\r\n<p class=\"has-text-align-center tw-mb-9 has-h-4-font-size\" style=\"line-height: 1.4;\">An dieser Stelle f\u00fchren wir unseren <a href=\"https:\/\/simorgh.de\/disablismus\/category\/sprechbehinderungen-und-sprachbehinderung\/\">Dialog \u00fcber Behinderung, Sprechbehinderung<\/a> und <a href=\"https:\/\/tierrechtsethik.de\/\">Tierrechtsaktivismus<\/a> zusammen.<\/p>\r\n<div class=\"wp-block-columns alignwide are-vertically-aligned-center tw-gutter-large\">\r\n\r\n\r\n<div class=\"wp-block-column is-vertically-aligned-center is-layout-flow wp-block-column-is-layout-flow\">\r\n<figure class=\"wp-block-image is-style-tw-rounded-corners\"><img decoding=\"async\" src=\"https:\/\/tierrechtsethik.de\/freiraum\/images\/farangis_05042024_1a.avif\" alt=\"\" \/><\/figure>\r\n\r\n\r\n\r\n<h3><span style=\"color: #780478;\"><strong>Dein ganz eigener Weg kann Pluralismus st\u00e4rken<\/strong><\/span><\/h3>\r\n<p><span style=\"color: #b033b0;\"><strong>Was wir \u00fcber unseren Tierrechtsaktivismus denken.<\/strong><\/span> F\u00fcr uns geht es im Aktivismus darum, Eigenkreativit\u00e4t zu betreiben und anzusto\u00dfen.<\/p>\r\n<p><span style=\"color: #8612e6;\"><strong>Deine BeHinderungserfahrungen<\/strong><\/span> &#8230; k\u00f6nnen in Deinem Aktivismus ihren Ausdruck finden. Barrierethemen d\u00fcrfen nie zu Diskriminierungsmomenten werden. Das soziale Modell von BeHinderung st\u00e4rker ins Bewusstsein von Leuten zu r\u00fccken, ist ein Punkt unseres &#8222;Aufkl\u00e4rungsprogrammes&#8220;. Und dabei m\u00f6chten wir Euch ermutigen dazu, eigene Wege der Mitgestaltung zu <em>pr\u00e4gen<\/em>. Niemand muss sich an Normen und Vorgaben halten.<\/p>\r\n<\/div>\r\n<\/div>\r\n<\/div>\r\n<\/div>\r\n<div class=\"wp-block-group alignfull has-subtle-background-background-color has-background\">\r\n<div class=\"wp-block-group__inner-container\">\r\n<div class=\"wp-block-columns alignwide tw-gutter-large has-text-align-center\">\r\n<div class=\"wp-block-column\">\r\n<div class=\"wp-block-image\">\r\n<figure class=\"aligncenter is-resized\"><img loading=\"lazy\" decoding=\"async\" src=\"https:\/\/s.w.org\/images\/core\/emoji\/14.0.0\/svg\/1f3db.svg\" alt=\"\" width=\"68\" height=\"68\" \/><\/figure>\r\n<\/div>\r\n\r\n\r\n\r\n<h3 class=\"has-h-5-font-size wp-block-heading\">Wie funktioniert Demokratie<\/h3>\r\n\r\n\r\n\r\n<p>&#8230; auf der Graswurzelebene. Warum f\u00fchlen sich gerade Menschen mit Behinderung ziemlich ausgeschlossen aus gesellschaftsstiftenden Prozessen im Bereich Aktivismus, wenn sie eine bislang weniger wahrgenommene Form der Sprechbehinderung haben.<\/p>\r\n<\/div>\r\n\r\n\r\n\r\n<div class=\"wp-block-column is-layout-flow wp-block-column-is-layout-flow\">\r\n<div class=\"wp-block-image\">\r\n<figure class=\"aligncenter is-resized\"><img loading=\"lazy\" decoding=\"async\" src=\"https:\/\/s.w.org\/images\/core\/emoji\/14.0.0\/svg\/1f4bb.svg\" alt=\"\" width=\"68\" height=\"68\" \/><\/figure>\r\n<\/div>\r\n\r\n\r\n\r\n<h3 class=\"has-h-5-font-size wp-block-heading\">Warum einfach ins Internet reindr\u00f6hnen<\/h3>\r\n\r\n\r\n\r\n<p>Wir glauben daran, dass Dialog ein Mittel der Wahl ist: Kommunikation \u00fcber Textmedien im Internet f\u00f6rdert den Austausch.<\/p>\r\n<\/div>\r\n\r\n\r\n\r\n<div class=\"wp-block-column is-layout-flow wp-block-column-is-layout-flow\">\r\n<div class=\"wp-block-image\">\r\n<figure class=\"aligncenter is-resized\"><img loading=\"lazy\" decoding=\"async\" src=\"https:\/\/s.w.org\/images\/core\/emoji\/14.0.0\/svg\/1f98a.svg\" alt=\"\" width=\"68\" height=\"68\" \/><\/figure>\r\n<\/div>\r\n\r\n\r\n\r\n<h3 class=\"has-h-5-font-size wp-block-heading\">Der Themenschwerpunkt<\/h3>\r\n\r\n\r\n\r\n<p>&#8230; liegt bei uns auf der Sicht auf die Welt aus Tierrechtsperspektive. Weltanschauliches ist Politisches. Keine Scheu vor Meinung.<\/p>\r\n<\/div>\r\n\r\n\r\n\r\n<div class=\"wp-block-column is-layout-flow wp-block-column-is-layout-flow\">\r\n<div class=\"wp-block-image\">\r\n<figure class=\"aligncenter is-resized\"><img loading=\"lazy\" decoding=\"async\" src=\"https:\/\/s.w.org\/images\/core\/emoji\/14.0.0\/svg\/270f.svg\" alt=\"\" width=\"68\" height=\"68\" \/><\/figure>\r\n<\/div>\r\n\r\n\r\n\r\n<h3 class=\"has-h-5-font-size wp-block-heading\">Lernen<\/h3>\r\n\r\n\r\n\r\n<p>Uns geht es vor allem auch darum, durch den kreativen kommunikativen Prozess zu lernen, und so auch die Auseinandersetzung mit Dingen zu einem transparenten Unterfangen zu machen.<\/p>\r\n<\/div>\r\n<\/div>\r\n<\/div>\r\n<\/div>\r\n<!-- \/wp:post-content -->\r\n\r\n<!-- wp:group {\"align\":\"full\",\"style\":{\"spacing\":{\"padding\":{\"top\":\"120px\",\"bottom\":\"120px\"}}},\"backgroundColor\":\"background\"} -->\r\n<div class=\"wp-block-group alignfull has-background-background-color has-background\" style=\"padding-top: 120px; padding-bottom: 120px;\">\r\n<div class=\"wp-block-group__inner-container\"><!-- wp:pullquote {\"className\":\"is-style-tw-minimal\"} -->\r\n<figure class=\"wp-block-pullquote is-style-tw-minimal\">\r\n<blockquote>\r\n<p>&#8222;Gibt es etwas Ekelhafteres als die Sentimentalit\u00e4t gegen Pflanzen und Tiere, von seiten eines Gesch\u00f6pfes, das wie der w\u00fctendste Feind von Anbeginn unter ihnen gehaust hat und zuletzt bei seinen geschw\u00e4chten und verst\u00fcmmelten Opfern gar noch auf z\u00e4rtliche Gef\u00fchle Anspruch erhebt! Vor dieser Art &#8218;Natur&#8216; geziemt dem Menschen vor allem <i>Ernst<\/i>, wenn anders er ein denkender Mensch ist.&#8220;<\/p>\r\n<a href=\"https:\/\/simorgh.de\/thequest.html#NIETZSCHE,%20FRIEDRICH,%20Morgenr%C3%B6te:%20Gedanken%20%C3%BCber%20die%20moralischen%20Vorurteile,%20Gesammelte%20Werke%20in%20elf%20B%C3%A4nden,%20Band%207505,%20Wilhelm%20Goldmann%20Verlag,%20M%C3%BCnchen,%20S.%20180.\"><cite>Friedrich Nietzsche<\/cite><\/a><\/blockquote>\r\n<\/figure>\r\n<!-- \/wp:pullquote --><\/div>\r\n<\/div>\r\n<!-- \/wp:group -->\r\n\r\n<!-- wp:group {\"align\":\"full\",\"backgroundColor\":\"subtle-background\"} -->\r\n<div class=\"wp-block-group alignfull has-subtle-background-background-color has-background\">\r\n<div class=\"wp-block-group__inner-container\"><!-- wp:media-text {\"mediaType\":\"image\",\"mediaWidth\":54,\"backgroundColor\":\"background\",\"className\":\"is-style-tw-overlap\"} -->\r\n<div class=\"wp-block-media-text alignwide is-stacked-on-mobile is-style-tw-overlap has-background-background-color has-background\" style=\"grid-template-columns: 54% auto;\">\r\n<figure class=\"wp-block-media-text__media\"><img decoding=\"async\" src=\"https:\/\/tierrechtsethik.de\/freiraum\/images\/gita_marta_yegane_arani_antispecat_1a.avif\" alt=\"\" \/><\/figure>\r\n<div class=\"wp-block-media-text__content\"><!-- wp:heading {\"className\":\"tw-mb-4\",\"fontSize\":\"h3\"} -->\r\n<h2 class=\"tw-mb-4 has-h-3-font-size\">Unser erstes Projekt<\/h2>\r\n<!-- \/wp:heading -->\r\n\r\n<!-- wp:paragraph -->\r\n<p>Zum Thema &gt; Kunst und Antispeziesismus hat es uns als unser erstes gemeinschaftlichen Projekt getrieben. Die kritische Auseinandersetzung mit dem Thema ist unterrepr\u00e4sentiert in der Tierrechtsbewegung. Wir sind aber immer wieder mit Speziesismus auf dem zeitgen\u00f6ssischen Kunstmarkt konfrontiert, und sehen, wie dieser dem allgemeinen speziesistischen Mindset in der Gesellschaft unabl\u00e4ssig zuarbeitet. Dieser Art der Kunst setzen wir unseren antispeziesistischen Ansatz \u00fcber &gt; \u00c4sthetik und eigenen Ausdruck &gt; entgegen.<\/p>\r\n<!-- \/wp:paragraph -->\r\n\r\n<!-- wp:paragraph -->\r\n<p><a href=\"https:\/\/tierrechtsethik.de\/hoerbarkeit-sichtbarkeit-und-tierrechte\/\">Einleitend \u00fcber unseren pers\u00f6nlichen Ausgangpunkt in Sachen visueller Kommunikation<\/a><\/p>\r\n<!-- \/wp:paragraph --><\/div>\r\n<\/div>\r\n<!-- \/wp:media-text --><\/div>\r\n<\/div>\r\n<!-- \/wp:group -->\r\n\r\n<!-- wp:group {\"align\":\"full\"} -->\r\n<div class=\"wp-block-group alignfull\">\r\n<div class=\"wp-block-group__inner-container\"><!-- wp:heading {\"textAlign\":\"center\",\"className\":\"tw-mb-8\"} -->\r\n<h2 class=\"has-text-align-center tw-mb-8\">Und ja. Wir sind Tierrechtspunks und Freunde von Tierrechte Messel &gt; <a href=\"https:\/\/www.tierrechte-messel.de\/\">https:\/\/www.tierrechte-messel.de\/<\/a><\/h2>\r\n<!-- \/wp:heading --><\/div>\r\n<\/div>\r\n<!-- \/wp:group -->\r\n<p>&nbsp;<\/p>","protected":false},"excerpt":{"rendered":"<p>An dieser Stelle f\u00fchren wir unseren Dialog \u00fcber Behinderung, Sprechbehinderung und Tierrechtsaktivismus zusammen. Dein ganz eigener Weg kann Pluralismus st\u00e4rken Was wir \u00fcber unseren Tierrechtsaktivismus denken. F\u00fcr uns geht es im Aktivismus darum, Eigenkreativit\u00e4t zu betreiben und anzusto\u00dfen. Deine BeHinderungserfahrungen &#8230; k\u00f6nnen in Deinem Aktivismus ihren Ausdruck finden. Barrierethemen d\u00fcrfen nie zu Diskriminierungsmomenten werden. Das&hellip;<\/p>\n","protected":false},"author":1,"featured_media":0,"parent":0,"menu_order":0,"comment_status":"closed","ping_status":"closed","template":"tw-header-transparent.php","meta":{"footnotes":""},"class_list":["post-13","page","type-page","status-publish","hentry"],"_links":{"self":[{"href":"https:\/\/tierrechtsethik.de\/freiraum\/wp-json\/wp\/v2\/pages\/13","targetHints":{"allow":["GET"]}}],"collection":[{"href":"https:\/\/tierrechtsethik.de\/freiraum\/wp-json\/wp\/v2\/pages"}],"about":[{"href":"https:\/\/tierrechtsethik.de\/freiraum\/wp-json\/wp\/v2\/types\/page"}],"author":[{"embeddable":true,"href":"https:\/\/tierrechtsethik.de\/freiraum\/wp-json\/wp\/v2\/users\/1"}],"replies":[{"embeddable":true,"href":"https:\/\/tierrechtsethik.de\/freiraum\/wp-json\/wp\/v2\/comments?post=13"}],"version-history":[{"count":40,"href":"https:\/\/tierrechtsethik.de\/freiraum\/wp-json\/wp\/v2\/pages\/13\/revisions"}],"predecessor-version":[{"id":423,"href":"https:\/\/tierrechtsethik.de\/freiraum\/wp-json\/wp\/v2\/pages\/13\/revisions\/423"}],"wp:attachment":[{"href":"https:\/\/tierrechtsethik.de\/freiraum\/wp-json\/wp\/v2\/media?parent=13"}],"curies":[{"name":"wp","href":"https:\/\/api.w.org\/{rel}","templated":true}]}}